{"id":706,"date":"2020-04-04T15:40:00","date_gmt":"2020-04-04T15:40:00","guid":{"rendered":"https:\/\/baituldarood.com\/?page_id=706"},"modified":"2020-04-05T02:52:09","modified_gmt":"2020-04-05T02:52:09","slug":"covid-19-%d8%b3%db%92-%d9%85%d8%aa%d8%b9%d9%84%d9%82-%db%81%d8%af%d8%a7%db%8c%d8%aa-%d9%86%d8%a7%d9%85%db%81","status":"publish","type":"page","link":"https:\/\/baituldarood.com\/?page_id=706","title":{"rendered":"\u06c1\u062f\u0627\u06cc\u062a \u0646\u0627\u0645\u06c1 COVID-19"},"content":{"rendered":"\n<h2 class=\"wp-block-heading\">\u0628\u0631\u0627\u06c1 \u06a9\u0631\u0645 \u0645\u062e\u062a\u0644\u0641 \u0632\u0628\u0627\u0646\u0648\u06ba \u0645\u06cc\u06ba \u062a\u0641\u0635\u06cc\u0644\u0627\u062a \u06a9\u06d2 \u0644\u06cc\u06d2 \u0646\u06cc\u0686\u06d2 \u0633\u06a9\u0631\u0648\u0644 \u06a9\u0631\u06cc\u06ba<\/h2>\n\n\n\n<h2 class=\"has-text-align-left wp-block-heading\">Please scroll down for details in different languages<\/h2>\n\n\n\n<div class=\"wp-block-group\"><div class=\"wp-block-group__inner-container is-layout-flow wp-block-group-is-layout-flow\">\n<h2 class=\"has-text-align-left wp-block-heading\">Bitte scrollen Sie nach unten f\u00fcr Details in verschiedenen Sprachen<\/h2>\n\n\n\n<h2 class=\"has-text-align-left wp-block-heading\">\ub2e4\ub978 \uc5b8\uc5b4\ub85c \uc790\uc138\ud55c \ub0b4\uc6a9\uc744 \ubcf4\ub824\uba74 \uc544\ub798\ub85c \uc2a4\ud06c\ub864\ud558\uc2ed\uc2dc\uc624<\/h2>\n\n\n\n<h2 class=\"has-text-align-left wp-block-heading\">\u7570\u306a\u308b\u8a00\u8a9e\u306e\u8a73\u7d30\u306b\u3064\u3044\u3066\u306f\u3001\u4e0b\u306b\u30b9\u30af\u30ed\u30fc\u30eb\u3057\u3066\u304f\u3060\u3055\u3044<\/h2>\n\n\n\n<h2 class=\"has-text-align-left wp-block-heading\">Si prega di scorrere verso il basso per i dettagli in diverse lingue<\/h2>\n\n\n\n<h2 class=\"has-text-align-left wp-block-heading\">Despl\u00e1cese hacia abajo para obtener m\u00e1s informaci\u00f3n en diferentes idiomas.<\/h2>\n<\/div><\/div>\n\n\n\n<figure class=\"wp-block-image size-large\"><img loading=\"lazy\" decoding=\"async\" width=\"723\" height=\"1024\" src=\"https:\/\/baituldarood.com\/wp-content\/uploads\/2020\/03\/COVID-19-723x1024.jpg\" alt=\"\" class=\"wp-image-678\" srcset=\"https:\/\/baituldarood.com\/wp-content\/uploads\/2020\/03\/COVID-19-723x1024.jpg 723w, https:\/\/baituldarood.com\/wp-content\/uploads\/2020\/03\/COVID-19-212x300.jpg 212w, https:\/\/baituldarood.com\/wp-content\/uploads\/2020\/03\/COVID-19-768x1087.jpg 768w, https:\/\/baituldarood.com\/wp-content\/uploads\/2020\/03\/COVID-19.jpg 904w\" sizes=\"auto, (max-width: 723px) 85vw, 723px\" \/><\/figure>\n\n\n\n<h2 class=\"has-text-align-left wp-block-heading\">Urdu Written in English Alphabets<\/h2>\n\n\n\n<p class=\"has-text-align-left\">Asmaan say aghar aag barsay yaan zameen say koi ballah niklay tu doh he shaks mahfooz rahayngay; Aik woh joh Namaz mayn ho ur doosrah woh jo Darood ki kasraat karta ho. <\/p>\n\n\n\n<p class=\"has-text-align-left\">Har tarhan kay wabai amraaz (CORONA VIRUS) bachnay kay liye, ur kisi ko pershaan haal dekhayn tu yeh dua parhayn; Yeah dua upper arbi mayn mujoodh hay ur nichay isi page per audio mayn recorded hay. <\/p>\n\n\n\n<h2 class=\"has-text-align-left wp-block-heading\">Details in English<\/h2>\n\n\n\n<p class=\"has-text-align-left\">Context from a Hadith: If the fire burst out from the sky or epidemic\/monster comes out on earth, only two persons will be safe from it; The one maintaining Salat (Namaz) or reciting Darood excessively. <\/p>\n\n\n\n<p class=\"has-text-align-left\">For all kinds of epidemic and outbreak of diseases or while looking at a person having similar conditions, and or having any kind of misery. Please recite following prayers\/Dua; <\/p>\n\n\n\n<p class=\"has-text-align-left\"><strong>&#8220;Alhamdulillah-e-Lazi Aafaani Mimabtaqa Behee Wafazalani Allaa Kaseeranmiman Khalaqa Tufzeela&#8221;<\/strong><\/p>\n\n\n\n<p class=\"has-text-align-left\">According to one Hadith, the black seed of fennel flower\/black caraway has the cure for all diseases except death. Please take one teaspoon of Black seed every morning to avoid any kind of health issue. <\/p>\n\n\n\n<h2 class=\"has-text-align-left wp-block-heading\">Details auf Deutsch (German)<\/h2>\n\n\n\n<p class=\"has-text-align-left\">Im Namen Allahs der Gn\u00e4digste und Barmherzigste<\/p>\n\n\n\n<p class=\"has-text-align-left\">Gott ist das Gute Gottes, Mohmand, sonst die Lebenden und Salem<\/p>\n\n\n\n<p class=\"has-text-align-left\">Selbst wenn Feuer unter der Erde austritt oder eine Katastrophe eintritt. Dann werden nur zwei Arten von Menschen gerettet: einer, der Gebet anbietet, und der andere, der regelm\u00e4\u00dfig Durood betet (Hadith)<\/p>\n\n\n\n<p class=\"has-text-align-left\">Dieses Dua sch\u00fctzt Sie vor jeder Krankheit (Coronavirus)<\/p>\n\n\n\n<p class=\"has-text-align-left\">Wenn Sie jemanden in einem Zustand besorgter Ness sehen, rezitieren Sie das folgende Dua.<\/p>\n\n\n\n<p class=\"has-text-align-left\"><strong>&nbsp;Gelobt sei Gott, der Avni MimptlkaBo Fazal zu zwei Short, die einen Sieg schufen&nbsp; &nbsp; <\/strong>&nbsp;<\/p>\n\n\n\n<p class=\"has-text-align-left\">Fenchelbl\u00fcte oder r\u00f6mischer Koriander ist das beste Mittel gegen alle Krankheiten au\u00dfer dem Tod.<\/p>\n\n\n\n<p class=\"has-text-align-left\">Iss es jeden Morgen. Ein Essl\u00f6ffel.<\/p>\n\n\n\n<p class=\"has-text-align-left\">Veranstalter: Noor Mahal<\/p>\n\n\n\n<p class=\"has-text-align-left\">Bait ul durood<\/p>\n\n\n\n<p class=\"has-text-align-left\">Khanqa lailatul makhdoom alam<\/p>\n\n\n\n<h2 class=\"has-text-align-left wp-block-heading\">\u65e5\u672c\u4eba\u306e\u8a73\u7d30 (Japaness)<\/h2>\n\n\n\n<p class=\"has-text-align-left\">\u30a2\u30c3\u30e9\u30fc\u306e\u540d\u306b\u304a\u3044\u3066\u6700\u3082\u6148\u60b2\u6df1\u304f\u6148\u60b2\u6df1\u3044<\/p>\n\n\n\n<p class=\"has-text-align-left\">\u4e0a\u5e1d\u662f\u4e0a\u5e1d\u7684\u826f\u5584\uff0c\u54c8\u66fc\u5fb7\uff0c\u53ea\u6709\u6d3b\u4eba\u548c\u585e\u52d2\u59c6<\/p>\n\n\n\n<p class=\"has-text-align-left\">&nbsp;\u305f\u3068\u3048\u5730\u4e0b\u304b\u3089\u706b\u304c\u51fa\u305f\u308a\u3001\u707d\u5bb3\u304c\u3042\u3063\u305f\u3068\u3057\u3066\u3082\u3002\u305d\u3046\u3059\u308c\u3070\u30012\u7a2e\u985e\u306e\u4eba\u3005\u306e\u307f\u304c\u6551\u308f\u308c\u308b\u3067\u3057\u3087\u3046\u30021\u4eba\u306f\u7948\u308a\u3092\u6367\u3052\u3001\u3082\u30461\u4eba\u306f\u5b9a\u671f\u7684\u306b\u5927\u6d2a\u6c34\u3092\u7948\u308b\uff08\u30cf\u30c7\u30a3\u30fc\u30b9)<\/p>\n\n\n\n<p class=\"has-text-align-left\">\u3053\u306e\u30c9\u30a5\u30a2\u306f\u3042\u3089\u3086\u308b\u75c5\u6c17\uff08\u30b3\u30ed\u30ca\u30a6\u30a4\u30eb\u30b9\uff09\u304b\u3089\u3042\u306a\u305f\u3092\u5b88\u308a\u307e\u3059<\/p>\n\n\n\n<p class=\"has-text-align-left\">\u5fc3\u914d\u306e\u30cd\u30b9\u306e\u72b6\u614b\u3067\u8ab0\u304b\u3092\u898b\u305f\u3089\u6b21\u306e\u30c9\u30a5\u30a2\u3092\u6697\u5531\u3057\u306a\u3055\u3044\u3002<\/p>\n\n\n\n<p class=\"has-text-align-left\">Kono do~ua wa arayuru<\/p>\n\n\n\n<p class=\"has-text-align-left\">&nbsp;&nbsp;<strong>\u8d5e\u7f8e\u4e0a\u5e1dAvni Mimptlika \u535a\u00b7\u6cd5\u624e\u5c14\uff08Bo Fazal\uff09\u4ee5\u4e24\u4e2a\u77ee\u4e2a\u5b50\u521b\u9020\u4e86\u80dc\u5229<\/strong><\/p>\n\n\n\n<p class=\"has-text-align-left\">&nbsp;\u30d5\u30a7\u30f3\u30cd\u30eb\u30d5\u30e9\u30ef\u30fc\u307e\u305f\u306f\u30ed\u30fc\u30de\u30b3\u30ea\u30a2\u30f3\u30c0\u30fc\u306f\u3001\u6b7b\u3092\u9664\u304f\u3059\u3079\u3066\u306e\u75c5\u6c17\u306e\u6700\u826f\u306e\u6cbb\u7642\u6cd5\u3067\u3059\u3002<\/p>\n\n\n\n<p class=\"has-text-align-left\">\u6bce\u671d\u98df\u3079\u308b\u3002\u5927\u3055\u3058\u4e00\u676f\u3002<\/p>\n\n\n\n<p class=\"has-text-align-left\">\u4e3b\u50ac\uff1a\u30ce\u30fc\u30eb\u30de\u30cf\u30eb<\/p>\n\n\n\n<p class=\"has-text-align-left\">\u30d9\u30a4\u30c8\u30fb\u30a6\u30eb\u30fb\u30c7\u30e5\u30ed\u30fc\u30c9<\/p>\n\n\n\n<p class=\"has-text-align-left\">\u30ab\u30f3\u30ab\u30fc\u30fb\u30e9\u30a4\u30e9\u30c8\u30a5\u30eb\u30fb\u30de\u30d5\u30c9\u30a5\u30fc\u30e0\u30fb\u30a2\u30e9\u30e0<\/p>\n\n\n\n<h2 class=\"has-text-align-left wp-block-heading\">\ud55c\uad6d\uc5b4 \uc0c1\uc138 (Korean)<\/h2>\n\n\n\n<p class=\"has-text-align-left\">\uc54c\ub77c\uc758 \uc774\ub984\uc73c\ub85c \uac00\uc7a5 \uc740\ud61c \ub86d\uace0 \uc790\ube44\ub85c\uc6b4<\/p>\n\n\n\n<p class=\"has-text-align-left\">&nbsp;\ud558\ub098\ub2d8\uc740 \ud558\ub098\ub2d8\uc758 \uc120\ud558\uc2ec, Mohmand, \uadf8\ub807\uc9c0 \uc54a\uc73c\uba74 \uc0b4\uc544\uc788\ub294 \uc0b4\ub818<\/p>\n\n\n\n<p class=\"has-text-align-left\">\uc9c0\uc0c1\uc774\ub098 \uc7ac\ub09c\uc73c\ub85c \uc778\ud574 \ud654\uc7ac\uac00 \ubc1c\uc0dd\ud558\ub354\ub77c\ub3c4. \uadf8\ub7f0 \ub2e4\uc74c \ub450 \uc885\ub958\uc758 \uc0ac\ub78c\ub4e4 \ub9cc \uad6c\uc6d0\ubc1b\uc744 \uac83\uc785\ub2c8\ub2e4 : \ud55c \uc0ac\ub78c\uc740\uae30\ub3c4\ub97c \ub4dc\ub9ac\uace0 \ub2e4\ub978 \ud55c \uc0ac\ub78c\uc740 \uc815\uae30\uc801\uc73c\ub85c\uae30\ub3c4\ub97c\ud569\ub2c8\ub2e4 (\ud558\ub514\uc2a4)<\/p>\n\n\n\n<p class=\"has-text-align-left\">\uc774 dua\ub294 \ubaa8\ub4e0 \uc9c8\ubcd1 (\ucf54\ub85c\ub098 \ubc14\uc774\ub7ec\uc2a4)\uc73c\ub85c\ubd80\ud130 \ub2f9\uc2e0\uc744 \ubcf4\ud638\ud569\ub2c8\ub2e4<\/p>\n\n\n\n<p class=\"has-text-align-left\">\uac71\uc815\uc2a4\ub7ec\uc6b4 Ness \uc0c1\ud0dc\uc758 \ub204\uad70\uac00\ub97c \ubcf8\ub2e4\uba74 \ub2e4\uc74c\uacfc \uac19\uc740 \ub450\uc544\ub97c \uc554\uc1a1\ud558\uc2ed\uc2dc\uc624.<\/p>\n\n\n\n<p class=\"has-text-align-left\">&nbsp;&nbsp;&nbsp;&nbsp;&nbsp;&nbsp;&nbsp;&nbsp;<strong>&nbsp;&nbsp;&nbsp;\uc544\ube0c \ub2c8 \ud54c \ud2c0\uce74 (Avni Mimptlka)\uc2b9\ub9ac\ub97c \ub9cc\ub4e0 \uc9e7\uc740 \ub450 \ubcf4 Faza<\/strong><\/p>\n\n\n\n<p class=\"has-text-align-left\">\ud68c\ud5a5 \uaf43 \ub610\ub294 \ub85c\ub9c8 \uace0\uc218\ub294 \uc8fd\uc74c\uc744 \uc81c\uc678\ud55c \ubaa8\ub4e0 \uc9c8\ubcd1\uc5d0 \uac00\uc7a5 \uc88b\uc740 \uce58\ub8cc\ubc95\uc785\ub2c8\ub2e4.<\/p>\n\n\n\n<p class=\"has-text-align-left\">\ub9e4\uc77c \uc544\uce68 \uba39\uc2b5\ub2c8\ub2e4. \ud55c \ud070\uc220.<\/p>\n\n\n\n<p class=\"has-text-align-left\">\uc8fc\ucd5c\uc790 : \ub204\ub974 \ub9c8\ud560<\/p>\n\n\n\n<p class=\"has-text-align-left\">\ubbf8\ub07c \uc6b8 \ub450\ub8e8 \ub4dc<\/p>\n\n\n\n<p class=\"has-text-align-left\">\uce78 \uce74\uc774 \ub77c\uc77c \ud234 \ub9c9 \ub4dc\ub8f8 \uc54c\ub78c<\/p>\n\n\n\n<h2 class=\"has-text-align-left wp-block-heading\">Dettagli in italiano (Italain)<\/h2>\n\n\n\n<p class=\"has-text-align-left\">Contesto di un Hadith: se il fuoco esplode dal cielo o un&#8217;epidemia \/ mostro esce sulla terra, solo due persone saranno al sicuro da esso; Quello che mantiene Salat (Namaz) o recita eccessivamente Darood. Per tutti i tipi di epidemia e insorgenza di malattie o mentre si guarda una persona che ha condizioDani simili e che ha qualsiasi tipo di sofferenza. Per favore, recita dopo le preghiere \/ Dua; <\/p>\n\n\n\n<p class=\"has-text-align-left\"><strong>&#8220;Alhamdulillah-e-Lazi Aafaani Mimabtaqa Behee Wafazalani Allaa Kaseeranmiman Khalaqa Tufzeela&#8221;<\/strong><\/p>\n\n\n\n<p class=\"has-text-align-left\"> Secondo un Hadith, il seme nero del fiore di finocchio \/ cumino nero ha la cura per tutte le malattie tranne la morte. Si prega di prendere un cucchiaino di semi neri ogni mattina per evitare qualsiasi tipo di problema di salute.<\/p>\n\n\n\n<h2 class=\"has-text-align-left wp-block-heading\">Detalles en espa\u00f1ol (Spanish)<\/h2>\n\n\n\n<p class=\"has-text-align-left\">Contexto de un Hadith: Si el fuego estall\u00f3 en el cielo o una epidemia \/ monstruo sale a la tierra, solo dos personas estar\u00e1n a salvo de \u00e9l; El que mantiene Salat (Namaz) o recita Darood en exceso. Para todo tipo de epidemia y brote de enfermedades o mientras mira a una persona que tiene condiciones similares, y \/ o que tiene alg\u00fan tipo de miseria. Por favor recite las siguientes oraciones \/ Dua;<\/p>\n\n\n\n<p class=\"has-text-align-left\"> <strong>&#8220;Alhamdulillah-e-Lazi Aafaani Mimabtaqa Behee Wafazalani Allaa Kaseeranmiman Khalaqa Tufzeela&#8221;<\/strong><\/p>\n\n\n\n<p class=\"has-text-align-left\">Seg\u00fan un Hadith, la semilla negra de flor de hinojo \/ alcaravea negra tiene la cura para todas las enfermedades, excepto la muerte. Tome una cucharadita de semilla negra todas las ma\u00f1anas para evitar cualquier tipo de problema de salud.<\/p>\n\n\n\n<figure class=\"wp-block-image size-large\"><img loading=\"lazy\" decoding=\"async\" width=\"723\" height=\"1024\" src=\"https:\/\/baituldarood.com\/wp-content\/uploads\/2020\/03\/COVID-19-March-26-2020-1-723x1024.jpg\" alt=\"\" class=\"wp-image-699\" srcset=\"https:\/\/baituldarood.com\/wp-content\/uploads\/2020\/03\/COVID-19-March-26-2020-1-723x1024.jpg 723w, https:\/\/baituldarood.com\/wp-content\/uploads\/2020\/03\/COVID-19-March-26-2020-1-212x300.jpg 212w, https:\/\/baituldarood.com\/wp-content\/uploads\/2020\/03\/COVID-19-March-26-2020-1-768x1087.jpg 768w, https:\/\/baituldarood.com\/wp-content\/uploads\/2020\/03\/COVID-19-March-26-2020-1.jpg 904w\" sizes=\"auto, (max-width: 723px) 85vw, 723px\" \/><\/figure>\n","protected":false},"excerpt":{"rendered":"<p>\u0628\u0631\u0627\u06c1 \u06a9\u0631\u0645 \u0645\u062e\u062a\u0644\u0641 \u0632\u0628\u0627\u0646\u0648\u06ba \u0645\u06cc\u06ba \u062a\u0641\u0635\u06cc\u0644\u0627\u062a \u06a9\u06d2 \u0644\u06cc\u06d2 \u0646\u06cc\u0686\u06d2 \u0633\u06a9\u0631\u0648\u0644 \u06a9\u0631\u06cc\u06ba Please scroll down for details in different languages Bitte scrollen Sie nach unten f\u00fcr Details in verschiedenen Sprachen \ub2e4\ub978 \uc5b8\uc5b4\ub85c \uc790\uc138\ud55c \ub0b4\uc6a9\uc744 \ubcf4\ub824\uba74 \uc544\ub798\ub85c \uc2a4\ud06c\ub864\ud558\uc2ed\uc2dc\uc624 \u7570\u306a\u308b\u8a00\u8a9e\u306e\u8a73\u7d30\u306b\u3064\u3044\u3066\u306f\u3001\u4e0b\u306b\u30b9\u30af\u30ed\u30fc\u30eb\u3057\u3066\u304f\u3060\u3055\u3044 Si prega di scorrere verso il basso per i dettagli in diverse lingue Despl\u00e1cese hacia abajo para obtener &hellip; <a href=\"https:\/\/baituldarood.com\/?page_id=706\" class=\"more-link\">Continue reading<span class=\"screen-reader-text\"> &#8220;\u06c1\u062f\u0627\u06cc\u062a \u0646\u0627\u0645\u06c1 COVID-19&#8221;<\/span><\/a><\/p>\n","protected":false},"author":1,"featured_media":0,"parent":0,"menu_order":0,"comment_status":"closed","ping_status":"closed","template":"","meta":{"nf_dc_page":"","om_disable_all_campaigns":false,"_uf_show_specific_survey":0,"_uf_disable_surveys":false,"footnotes":""},"class_list":["post-706","page","type-page","status-publish","hentry"],"aioseo_notices":[],"_links":{"self":[{"href":"https:\/\/baituldarood.com\/index.php?rest_route=\/wp\/v2\/pages\/706","targetHints":{"allow":["GET"]}}],"collection":[{"href":"https:\/\/baituldarood.com\/index.php?rest_route=\/wp\/v2\/pages"}],"about":[{"href":"https:\/\/baituldarood.com\/index.php?rest_route=\/wp\/v2\/types\/page"}],"author":[{"embeddable":true,"href":"https:\/\/baituldarood.com\/index.php?rest_route=\/wp\/v2\/users\/1"}],"replies":[{"embeddable":true,"href":"https:\/\/baituldarood.com\/index.php?rest_route=%2Fwp%2Fv2%2Fcomments&post=706"}],"version-history":[{"count":4,"href":"https:\/\/baituldarood.com\/index.php?rest_route=\/wp\/v2\/pages\/706\/revisions"}],"predecessor-version":[{"id":718,"href":"https:\/\/baituldarood.com\/index.php?rest_route=\/wp\/v2\/pages\/706\/revisions\/718"}],"wp:attachment":[{"href":"https:\/\/baituldarood.com\/index.php?rest_route=%2Fwp%2Fv2%2Fmedia&parent=706"}],"curies":[{"name":"wp","href":"https:\/\/api.w.org\/{rel}","templated":true}]}}